{"id":241,"date":"2016-04-20T21:29:24","date_gmt":"2016-04-20T19:29:24","guid":{"rendered":"http:\/\/luxurygrand.local\/en\/?page_id=241"},"modified":"2023-03-30T12:50:55","modified_gmt":"2023-03-30T10:50:55","slug":"contact","status":"publish","type":"page","link":"https:\/\/test.kozmin.cz\/en\/contact\/","title":{"rendered":"Contact"},"content":{"rendered":"<div class=\"row\">\n<div class=\"col-xs-12 col-sm-12 col-md-4\">\n<table class=\"pricelist contabx\">\n<tbody>\n<tr>\n<th><i class=\"sui sui-send\" style=\"font-size: 22px; color: #ffffff;\"><\/i>CONTACT INFORMATION <span class=\"subthspan\">FOR RESERVATIONS AND QUESTIONS<\/span><\/th>\n<\/tr>\n<tr>\n<td class=\"trnav\"><div class=\"su-button-center\"><a href=\"tel:605958304\" class=\"su-button su-button-style-flat conphone su-button-wide\" style=\"color:#fff;background-color:#2D89EF;border-color:#246ec0;border-radius:0px;-moz-border-radius:0px;-webkit-border-radius:0px\" target=\"_self\" title=\"+420 605 958 304\"><span style=\"color:#fff;padding:9px 30px;font-size:22px;line-height:33px;border-color:#6cadf4;border-radius:0px;-moz-border-radius:0px;-webkit-border-radius:0px;text-shadow:0px 0px 0px #000000;-moz-text-shadow:0px 0px 0px #000000;-webkit-text-shadow:0px 0px 0px #000000\"><i class=\"sui sui-mobile-phone\" style=\"font-size:22px;color:#FFFFFF\"><\/i> (+420) 605 958 304<\/span><\/a><\/div><\/td>\n<\/tr>\n<tr>\n<td class=\"trnav\"><div class=\"su-button-center\"><a href=\"mailto:masaze-luxury@email.cz\" class=\"su-button su-button-style-flat conmail su-button-wide\" style=\"color:#fff;background-color:#2D89EF;border-color:#246ec0;border-radius:0px;-moz-border-radius:0px;-webkit-border-radius:0px\" target=\"_self\" title=\"masaze-luxury@email.cz\"><span style=\"color:#fff;padding:9px 30px;font-size:22px;line-height:33px;border-color:#6cadf4;border-radius:0px;-moz-border-radius:0px;-webkit-border-radius:0px;text-shadow:0px 0px 0px #000000;-moz-text-shadow:0px 0px 0px #000000;-webkit-text-shadow:0px 0px 0px #000000\"><i class=\"sui sui-at\" style=\"font-size:22px;color:#FFFFFF\"><\/i> MASAZE-LUXURY@EMAIL.CZ<\/span><\/a><\/div><\/td>\n<\/tr>\n<\/tbody>\n<\/table>\n<table class=\"pricelist contabx openhtab\">\n<tbody>\n<tr>\n<th><i class=\"sui sui-calendar-check-o\" style=\"font-size: 22px; color: #ffffff;\"><\/i>OPENING HOURS <span class=\"subthspan\">EVERY DAY<\/span><\/th>\n<\/tr>\n<tr>\n<td>9:00 \u2013 22:00<\/td>\n<\/tr>\n<\/tbody>\n<\/table>\n<\/div>\n<div class=\"col-xs-12 col-sm-12 col-md-4\">\n<table class=\"pricelist contabx\">\n<tbody>\n<tr>\n<th><i class=\"sui sui-map-marker\" style=\"font-size: 22px; color: #ffffff;\"><\/i>ADRESS <span class=\"subthspan\">SALON LOCATION AND NAVIGATION STARTING<\/span><\/th>\n<\/tr>\n<tr>\n<td>\u017ditom\u00edrsk\u00e1 38,<br \/>\nVr\u0161ovice &#8211; Prague 10<\/td>\n<\/tr>\n<tr>\n<td class=\"trnav\"><\/td>\n<\/tr>\n<tr>\n<td class=\"trnav\"><div class=\"su-button-center\"><a href=\"https:\/\/www.google.com\/maps\/dir\/\/%C5%BDitom%C3%ADrsk%C3%A1+38,+Praha+10-Vr%C5%A1ovice\/@50.0711743,14.456027,17z\/data=!4m8!4m7!1m0!1m5!1m1!1s0x470b937c0108d565:0xdcd3f7519ae97f2c!2m2!1d14.4582157!2d50.0711743\" class=\"su-button su-button-style-flat connav su-button-wide\" style=\"color:#fff;background-color:#2D89EF;border-color:#246ec0;border-radius:0px;-moz-border-radius:0px;-webkit-border-radius:0px\" target=\"__blank\" title=\"masaze-luxury@email.cz\"><span style=\"color:#fff;padding:9px 30px;font-size:22px;line-height:33px;border-color:#6cadf4;border-radius:0px;-moz-border-radius:0px;-webkit-border-radius:0px;text-shadow:0px 0px 0px #000000;-moz-text-shadow:0px 0px 0px #000000;-webkit-text-shadow:0px 0px 0px #000000\"><i class=\"sui sui-map-marker\" style=\"font-size:22px;color:#FFFFFF\"><\/i> ENTER AS DESTINATION IN GOOGLE MAPS<\/span><\/a><\/div><\/td>\n<\/tr>\n<\/tbody>\n<\/table>\n<\/div>\n<div class=\"col-xs-12 col-sm-12 col-md-4\">\n<table class=\"pricelist contabx mhdtable\">\n<tbody>\n<tr>\n<th colspan=\"2\"><i class=\"sui sui-train\" style=\"font-size: 22px; color: #ffffff;\"><\/i>PUBLIC TRANSPORT<span class=\"subthspan\">NEAREST PUBLIC TRANSPORT STOPS<\/span><\/th>\n<\/tr>\n<tr>\n<th colspan=\"2\">BUS<\/th>\n<\/tr>\n<tr>\n<td><img decoding=\"async\" loading=\"lazy\" class=\"alignnone size-full wp-image-18736\" src=\"https:\/\/test.kozmin.cz\/wp-content\/uploads\/2022\/12\/bus.png\" alt=\"\" width=\"64\" height=\"64\" \/><\/p>\n<p><strong>101 <\/strong>or<strong> 135 <\/strong>bus stop Slovinsk\u00e1\u00a0<span class=\"subthspan\">\u00a03 minutes walk<\/span><\/td>\n<td><\/td>\n<\/tr>\n<tr>\n<th colspan=\"2\"><\/th>\n<\/tr>\n<tr class=\"trtram\">\n<td class=\"tram\" colspan=\"2\"><\/td>\n<\/tr>\n<tr class=\"trtram\">\n<td class=\"tram\" colspan=\"2\"><\/td>\n<\/tr>\n<tr class=\"trtram\">\n<td class=\"tram\" colspan=\"2\"><\/td>\n<\/tr>\n<\/tbody>\n<\/table>\n<table class=\"pricelist contabx\">\n<tbody>\n<tr>\n<th colspan=\"3\"><i class=\"sui sui-share-alt\" style=\"font-size: 22px; color: #ffffff;\"><\/i>SOCIAL NETWORKS<span class=\"subthspan\">SUPPORT US ON SOCIAL NETWORKS<\/span><\/th>\n<\/tr>\n<tr>\n<td><\/td>\n<td><\/td>\n<td><\/td>\n<\/tr>\n<\/tbody>\n<\/table>\n<table class=\"pricelist contabx\">\n<tbody>\n<tr>\n<th><i class=\"sui sui-map-marker\" style=\"font-size: 22px; color: #ffffff;\"><\/i>PROVIDER COMPANY <span class=\"subthspan\">COMPANY DATA AND BILLING ADDRESS<\/span><\/th>\n<\/tr>\n<tr>\n<td class=\"comptdtext\"><strong>M. Grand Europe Group s.r.o.<\/strong><br \/>\nCIN: 08749833<br \/>\nJaurisova 515\/4, 140 00 Prague<span class=\"compadressinfo\">THIS ADDRESS IS ONLY BILLING,<br \/>\nTHERE IS NO SALON.<\/span><\/td>\n<\/tr>\n<\/tbody>\n<\/table>\n<\/div>\n<\/div>\n","protected":false},"excerpt":{"rendered":"<p>CONTACT INFORMATION FOR RESERVATIONS AND QUESTIONS OPENING HOURS EVERY DAY 9:00 \u2013 22:00 ADRESS SALON LOCATION AND NAVIGATION STARTING \u017ditom\u00edrsk\u00e1 38, Vr\u0161ovice &#8211; Prague 10 PUBLIC TRANSPORTNEAREST PUBLIC TRANSPORT STOPS BUS 101 or 135 bus stop Slovinsk\u00e1\u00a0\u00a03 minutes walk SOCIAL NETWORKSSUPPORT US ON SOCIAL NETWORKS PROVIDER COMPANY COMPANY DATA AND BILLING ADDRESS M. Grand Europe Group s.r.o. CIN: 08749833 Jaurisova 515\/4, 140 00 PragueTHIS ADDRESS IS ONLY BILLING, THERE IS NO SALON.<\/p>\n","protected":false},"author":7,"featured_media":0,"parent":0,"menu_order":73,"comment_status":"closed","ping_status":"closed","template":"page-kontakt.php","meta":[],"_links":{"self":[{"href":"https:\/\/test.kozmin.cz\/en\/wp-json\/wp\/v2\/pages\/241"}],"collection":[{"href":"https:\/\/test.kozmin.cz\/en\/wp-json\/wp\/v2\/pages"}],"about":[{"href":"https:\/\/test.kozmin.cz\/en\/wp-json\/wp\/v2\/types\/page"}],"author":[{"embeddable":true,"href":"https:\/\/test.kozmin.cz\/en\/wp-json\/wp\/v2\/users\/7"}],"replies":[{"embeddable":true,"href":"https:\/\/test.kozmin.cz\/en\/wp-json\/wp\/v2\/comments?post=241"}],"version-history":[{"count":29,"href":"https:\/\/test.kozmin.cz\/en\/wp-json\/wp\/v2\/pages\/241\/revisions"}],"predecessor-version":[{"id":18812,"href":"https:\/\/test.kozmin.cz\/en\/wp-json\/wp\/v2\/pages\/241\/revisions\/18812"}],"wp:attachment":[{"href":"https:\/\/test.kozmin.cz\/en\/wp-json\/wp\/v2\/media?parent=241"}],"curies":[{"name":"wp","href":"https:\/\/api.w.org\/{rel}","templated":true}]}}