{"id":17383,"date":"2021-08-23T15:05:05","date_gmt":"2021-08-23T13:05:05","guid":{"rendered":"https:\/\/test.kozmin.cz\/?page_id=17383"},"modified":"2021-08-23T15:08:50","modified_gmt":"2021-08-23T13:08:50","slug":"gdpr","status":"publish","type":"page","link":"https:\/\/test.kozmin.cz\/en\/gdpr\/","title":{"rendered":"GDPR"},"content":{"rendered":"<div class=\"legacy\">\n<h3>1. Who collects the data<\/h3>\n<p>Personal data is collected by a trading company:<\/p>\n<ul>\n<li style=\"font-weight: 400;\" aria-level=\"1\"><span style=\"font-weight: 400;\">M. Grand Europe Group s.r.o.,\u00a0<\/span><\/li>\n<li style=\"font-weight: 400;\" aria-level=\"1\"><span style=\"font-weight: 400;\">CIN: 08749833,\u00a0<\/span><\/li>\n<li style=\"font-weight: 400;\" aria-level=\"1\">Registered office: Jaurisova 515\/4, 140 00 Prague<\/li>\n<\/ul>\n<h3>2. Where to reach us with requests or questions<\/h3>\n<ul>\n<li style=\"font-weight: 400;\" aria-level=\"1\"><span style=\"font-weight: 400;\">By mail: <\/span><a href=\"mailto:masaze-luxury@email.cz\"><span style=\"font-weight: 400;\">masaze-luxury@email.cz<\/span><\/a><span style=\"font-weight: 400;\"> or <\/span><a href=\"mailto:info@test.kozmin.cz\"><span style=\"font-weight: 400;\">info@test.kozmin.cz<\/span><\/a><span style=\"font-weight: 400;\">\u00a0<\/span><\/li>\n<\/ul>\n<h3>3. List of data we collect during the operation of the portal:<\/h3>\n<p>When making a phone reservation or query<\/p>\n<ul>\n<li style=\"font-weight: 400;\" aria-level=\"1\">Telephone number<\/li>\n<li style=\"font-weight: 400;\" aria-level=\"1\">Name or nickname you have communicated<\/li>\n<\/ul>\n<p><b>P\u0159i objedn\u00e1vce p\u0159es aplikaci WhatsApp<\/b><\/p>\n<ul>\n<li>Telephone number<\/li>\n<li style=\"font-weight: 400;\" aria-level=\"1\">Name listed on WhatsApp<\/li>\n<\/ul>\n<p><b>When you insert a comment in the Messages section<\/b><\/p>\n<ul>\n<li style=\"font-weight: 400;\" aria-level=\"1\">E-mail, IP address, browser identification, comment text<\/li>\n<\/ul>\n<h3>4. Reason and purpose of data collection<\/h3>\n<p><strong>Phone and WhatsApp bookings:\u00a0<\/strong><\/p>\n<ul>\n<li style=\"font-weight: 400;\" aria-level=\"1\">They are kept in anonymised form for the purpose of minimizing fictitious orders and facilitating reservations for regular clients (blacklist and whitelist).<\/li>\n<\/ul>\n<p><strong>Insert comments in the Messages section<\/strong><\/p>\n<ul>\n<li style=\"font-weight: 400;\" aria-level=\"1\">They are kept for spam minimizing and for analytics purposes<\/li>\n<\/ul>\n<h3>5. Your rights and our obligations<\/h3>\n<ul>\n<li style=\"font-weight: 400;\" aria-level=\"1\">You can inquire about the scope and purpose of the data we hold. Furthermore, for the duration of their preservation and a list of persons who are allowed access to them.<\/li>\n<li style=\"font-weight: 400;\" aria-level=\"1\">You may require a change or deletion of the data you provide<\/li>\n<li style=\"font-weight: 400;\" aria-level=\"1\">You can request that the content you send be deleted , such as a comment inserted in the Messages section.<\/li>\n<\/ul>\n<h3>6. How long the data is stored<\/h3>\n<ul>\n<li style=\"font-weight: 400;\" aria-level=\"1\">Maximum 1 year since the last reservation or message was made<\/li>\n<\/ul>\n<\/div>\n","protected":false},"excerpt":{"rendered":"<p>1. Who collects the data Personal data is collected by a trading company: M. Grand Europe Group s.r.o.,\u00a0 CIN: 08749833,\u00a0 Registered office: Jaurisova 515\/4, 140 00 Prague 2. Where to reach us with requests or questions By mail: masaze-luxury@email.cz or info@test.kozmin.cz\u00a0 3. List of data we collect during the operation of the portal: When making a phone reservation or query Telephone number Name or nickname you have communicated P\u0159i objedn\u00e1vce p\u0159es aplikaci WhatsApp Telephone number Name listed on WhatsApp When you insert a comment in the Messages section E-mail, IP address, browser identification, comment text 4. Reason and purpose of [&hellip;]<\/p>\n","protected":false},"author":7,"featured_media":0,"parent":0,"menu_order":1,"comment_status":"closed","ping_status":"closed","template":"page-service.php","meta":[],"_links":{"self":[{"href":"https:\/\/test.kozmin.cz\/en\/wp-json\/wp\/v2\/pages\/17383"}],"collection":[{"href":"https:\/\/test.kozmin.cz\/en\/wp-json\/wp\/v2\/pages"}],"about":[{"href":"https:\/\/test.kozmin.cz\/en\/wp-json\/wp\/v2\/types\/page"}],"author":[{"embeddable":true,"href":"https:\/\/test.kozmin.cz\/en\/wp-json\/wp\/v2\/users\/7"}],"replies":[{"embeddable":true,"href":"https:\/\/test.kozmin.cz\/en\/wp-json\/wp\/v2\/comments?post=17383"}],"version-history":[{"count":2,"href":"https:\/\/test.kozmin.cz\/en\/wp-json\/wp\/v2\/pages\/17383\/revisions"}],"predecessor-version":[{"id":17391,"href":"https:\/\/test.kozmin.cz\/en\/wp-json\/wp\/v2\/pages\/17383\/revisions\/17391"}],"wp:attachment":[{"href":"https:\/\/test.kozmin.cz\/en\/wp-json\/wp\/v2\/media?parent=17383"}],"curies":[{"name":"wp","href":"https:\/\/api.w.org\/{rel}","templated":true}]}}