{"id":16114,"date":"2021-02-24T22:09:15","date_gmt":"2021-02-24T21:09:15","guid":{"rendered":"https:\/\/test.kozmin.cz\/?page_id=16114"},"modified":"2021-03-16T16:25:29","modified_gmt":"2021-03-16T15:25:29","slug":"erotic-massage-for-couples","status":"publish","type":"page","link":"https:\/\/test.kozmin.cz\/en\/erotic-massage-for-couples\/","title":{"rendered":"Erotic massage for couples"},"content":{"rendered":"<div class=\"leadParagraph\">\n<p>Erotic massage is a highly <strong>intimate experience underlined<\/strong> by tenderness, softness and maximal excitement. And what about the <strong>erotic massage for couples<\/strong> \u2013 he excitement and total experience is double here! These massages are the great choice when you want to try something new in your partner\u2019s life, get to know <strong>your limits<\/strong> and give to  your <strong>relationship a new feeling.<\/strong> Come and enjoy an exciting erotic massage with your dear one \u2013 you will not regret!<\/p>\n<\/div>\n<h2>MASSAGE FOR COUPLES PROCEDURE<br \/>\n<em>SAMPLE OF EROTIC MASSAGE FOR COUPLES<\/em><\/h2>\n<p><img decoding=\"async\" loading=\"lazy\" class=\"alignnone wp-image-16007 size-full\" src=\"https:\/\/test.kozmin.cz\/wp-content\/uploads\/2021\/02\/parova-masaz-limity-1.jpg\" alt=\"\" width=\"800\" height=\"336\" srcset=\"https:\/\/test.kozmin.cz\/wp-content\/uploads\/2021\/02\/parova-masaz-limity-1.jpg 800w, https:\/\/test.kozmin.cz\/wp-content\/uploads\/2021\/02\/parova-masaz-limity-1-300x126.jpg 300w, https:\/\/test.kozmin.cz\/wp-content\/uploads\/2021\/02\/parova-masaz-limity-1-270x113.jpg 270w, https:\/\/test.kozmin.cz\/wp-content\/uploads\/2021\/02\/parova-masaz-limity-1-440x185.jpg 440w, https:\/\/test.kozmin.cz\/wp-content\/uploads\/2021\/02\/parova-masaz-limity-1-432x181.jpg 432w, https:\/\/test.kozmin.cz\/wp-content\/uploads\/2021\/02\/parova-masaz-limity-1-263x110.jpg 263w\" sizes=\"(max-width: 800px) 100vw, 800px\" \/><\/p>\n<p>Massage takes place in a stylish and cosily furnished room where the fragrant sticks and decent decorations create the pleasant atmosphere  \u2013 and also all quiet soothing music that you will hear in your ears all the time. You will <strong>be lying beside<\/strong> your precious half during the massage- it is up to you whether you will hold your hands or lie next to each other just to lie and perceive each other.<\/p>\n<p>Beautiful and tender masseuse will be there for every one of you and her rich experience will allow her to give you maximum care attention and pleasure. The goal of erotic massage for couples is to direct your bodies in one direction \u2013 the <strong>direction of maximum excitement and erotic lust.<\/strong><\/p>\n  <div class=\"readMoreTextWrap\">\n      <div class=\"readMoreText\">\n          \n<p>Also you can take your <strong> partner\u2019s massage<\/strong> fully into <strong>your hands<\/strong> at any time during the massage. You define the course of massage. There is no exception that you can ask the masseuses to leave you alone and you will be able to use the <strong>space for love games<\/strong> \u2013 they will be much more intense thanks to the massage and attention of gentle masseuses.<\/p>\n<p>You can finish erotic massage for couples with pleasant shower where your feelings and excitement can flow through your body.<\/p>\n      <\/div>\n      <div class=\"openReadMoreText\"><span>\u010c\u00cdST D\u00c1LE<\/span><\/div>\n  <\/div>\n  \n<h2>WHY TRY MASSAGE FOR COUPLES?<br \/>\n<em>BENEFITS AND EXPERIENCES OF MASSAGE FOR COUPLES<\/em><\/h2>\n<div class=\"boxesEvenSpread\">\n<div class=\"spreadBox\">Revival of love life<\/div>\n<div class=\"spreadBox\">New erotic charge<\/div>\n<div class=\"spreadBox\">Shared deep experience<\/div>\n<div class=\"spreadBox\">Common knowledge<\/div>\n<div class=\"spreadBox\">Showing mutual trust<\/div>\n<\/div>\n<div style=\"height:20px;\"><\/div>\n<h2>PRICE OF EROTIC MASSAGE FOR COUPLES<br \/>\n<em>AND EXTRA SERVICES<\/em><\/h2>\n<div class='luxury_karty luxury_jQuery_tabs'><ul><li><a href=\"#luxury__utei_11\">MASSAGE<\/a><\/li><li><a href=\"#luxury__utei_12\">EXTRA SERVICES<\/a><\/li><\/ul>\n<div class='luxury_karta' id='luxury__utei_11'>\n<table class=\"pricelist\"><th>\u010cAS<\/th><th>1 MAS\u00c9RKA<\/th><tr><td>60 min<\/td><td>3800 CZK<\/td><\/tr><tr><td>90 min<\/td><td>4800 CZK<\/td><\/tr><tr><td>120 min<\/td><td>6400 CZK<\/td><\/tr><\/table>\n<\/div>\n<div class='luxury_karta' id='luxury__utei_12'>\n<table class=\"pricelist\"><th>Slu\u017eba<\/th><th>1 MAS\u00c9RKA<\/th><th>2 MAS\u00c9RKY<\/th><tr><td>Lesbishow<\/td><td><\/td><td>+400 CZK<\/td><\/tr><tr><td>BDSM - Sensual massage<\/td><td>+200 CZK<\/td><td>+400 CZK<\/td><\/tr><tr><td>Prostate massage<\/td><td>+500 CZK<\/td><td>+1000 CZK<\/td><\/tr><tr><td>Autoerotics<\/td><td>+500 CZK<\/td><td>+1000 CZK<\/td><\/tr><tr><td>Footjob<\/td><td>+200 CZK<\/td><td>+400 CZK<\/td><\/tr><\/table>\n<\/div>\n<\/div>\n<div style=\"height:20px;\"><\/div>\n<h2>PUSH YOUR EROTIC LIMITS<br \/>\n<em>SHARE AN EXPERIENCE THAT WILL STRENGTHEN YOUR PASSION AND TRUST<\/em><\/h2>\n<p><img decoding=\"async\" loading=\"lazy\" class=\"alignnone wp-image-16003 size-full\" src=\"https:\/\/test.kozmin.cz\/wp-content\/uploads\/2021\/02\/parova-eroticka-masaz.jpg\" alt=\"\" width=\"800\" height=\"450\" srcset=\"https:\/\/test.kozmin.cz\/wp-content\/uploads\/2021\/02\/parova-eroticka-masaz.jpg 800w, https:\/\/test.kozmin.cz\/wp-content\/uploads\/2021\/02\/parova-eroticka-masaz-300x169.jpg 300w, https:\/\/test.kozmin.cz\/wp-content\/uploads\/2021\/02\/parova-eroticka-masaz-764x430.jpg 764w, https:\/\/test.kozmin.cz\/wp-content\/uploads\/2021\/02\/parova-eroticka-masaz-270x152.jpg 270w, https:\/\/test.kozmin.cz\/wp-content\/uploads\/2021\/02\/parova-eroticka-masaz-440x248.jpg 440w, https:\/\/test.kozmin.cz\/wp-content\/uploads\/2021\/02\/parova-eroticka-masaz-432x243.jpg 432w, https:\/\/test.kozmin.cz\/wp-content\/uploads\/2021\/02\/parova-eroticka-masaz-263x148.jpg 263w\" sizes=\"(max-width: 800px) 100vw, 800px\" \/><\/p>\n<p>Erotic massage looks like a classic relaxation massage at first sight \u2013 but it is much more intimate! It has become more popular. Why? Because it promises something new, unprecedented, exciting \u2013 just something that <strong>moves your limits.<\/strong> There is a gentle pampering of every <strong>piece of your naked body<\/strong> during the massage \u2013 not just intimate gestures. <strong>Masseuses are empathetic<\/strong> and they know exactly where to reach and make you even more excited and shift the <strong>erotic tension to its maximum.<\/strong><\/p>\n  <div class=\"readMoreTextWrap\">\n      <div class=\"readMoreText\">\n          \n<p>B\u011bhem mas\u00e1\u017ee budete po boku sv\u00e9ho partnera \u010di partnerky \u2013 i tomu se bude v\u011bnovat zku\u0161en\u00e1 mas\u00e9rka, kter\u00e1 jej zahlt\u00ed slastn\u00fdmi doteky a hlazen\u00edm. M\u016f\u017eete se dr\u017eet za ruce a pro\u017e\u00edvat tak p\u0159\u00edjemn\u00e9 pocity spolu. C\u00edlem erotick\u00e9 mas\u00e1\u017ee je\u00a0<strong>spokojenost obou partner\u016f.<\/strong><\/p>\n<p>You will be at the side of your partner during the massage \u2013 the masseuse will take of her or him as well and she will use gentle touch and fondling. You can hold your hands and experience such pleasant feelings together. The goal of erotic massage is the <strong>satisfaction of both partners.<\/strong><\/p>\n      <\/div>\n      <div class=\"openReadMoreText\"><span>\u010c\u00cdST D\u00c1LE<\/span><\/div>\n  <\/div>\n  \n","protected":false},"excerpt":{"rendered":"<p>MASSAGE FOR COUPLES PROCEDURE SAMPLE OF EROTIC MASSAGE FOR COUPLES Massage takes place in a stylish and cosily furnished room where the fragrant sticks and decent decorations create the pleasant atmosphere \u2013 and also all quiet soothing music that you will hear in your ears all the time. You will be lying beside your precious half during the massage- it is up to you whether you will hold your hands or lie next to each other just to lie and perceive each other. Beautiful and tender masseuse will be there for every one of you and her rich experience will [&hellip;]<\/p>\n","protected":false},"author":7,"featured_media":0,"parent":0,"menu_order":6,"comment_status":"closed","ping_status":"closed","template":"page-service.php","meta":[],"_links":{"self":[{"href":"https:\/\/test.kozmin.cz\/en\/wp-json\/wp\/v2\/pages\/16114"}],"collection":[{"href":"https:\/\/test.kozmin.cz\/en\/wp-json\/wp\/v2\/pages"}],"about":[{"href":"https:\/\/test.kozmin.cz\/en\/wp-json\/wp\/v2\/types\/page"}],"author":[{"embeddable":true,"href":"https:\/\/test.kozmin.cz\/en\/wp-json\/wp\/v2\/users\/7"}],"replies":[{"embeddable":true,"href":"https:\/\/test.kozmin.cz\/en\/wp-json\/wp\/v2\/comments?post=16114"}],"version-history":[{"count":8,"href":"https:\/\/test.kozmin.cz\/en\/wp-json\/wp\/v2\/pages\/16114\/revisions"}],"predecessor-version":[{"id":16347,"href":"https:\/\/test.kozmin.cz\/en\/wp-json\/wp\/v2\/pages\/16114\/revisions\/16347"}],"wp:attachment":[{"href":"https:\/\/test.kozmin.cz\/en\/wp-json\/wp\/v2\/media?parent=16114"}],"curies":[{"name":"wp","href":"https:\/\/api.w.org\/{rel}","templated":true}]}}