{"id":16108,"date":"2021-02-24T21:42:52","date_gmt":"2021-02-24T20:42:52","guid":{"rendered":"https:\/\/test.kozmin.cz\/?page_id=16108"},"modified":"2021-03-16T16:26:43","modified_gmt":"2021-03-16T15:26:43","slug":"tantra-massage","status":"publish","type":"page","link":"https:\/\/test.kozmin.cz\/en\/tantra-massage\/","title":{"rendered":"Tantra massage"},"content":{"rendered":"<div class=\"leadParagraph\">\n<p><strong>Tantra massages<\/strong> are the most popular massages at all. We also offer you a Tantra massages in a <strong>pleasant atmosphere<\/strong> of our Prague massage salon. You can cross your limits with us and discover something new and learn the power of your <strong>own erotic!<\/strong><\/p>\n<\/div>\n<h2>TANTRA MASSAGE PROCEDURE<br \/>\n<em>SAMPLE OF TANTRA EROTIC MASSAGE<\/em><\/h2>\n<p><img decoding=\"async\" loading=\"lazy\" class=\"alignnone size-full wp-image-15996\" src=\"https:\/\/test.kozmin.cz\/wp-content\/uploads\/2021\/02\/tantra-masaz.jpg\" alt=\"\" width=\"800\" height=\"414\" srcset=\"https:\/\/test.kozmin.cz\/wp-content\/uploads\/2021\/02\/tantra-masaz.jpg 800w, https:\/\/test.kozmin.cz\/wp-content\/uploads\/2021\/02\/tantra-masaz-300x155.jpg 300w, https:\/\/test.kozmin.cz\/wp-content\/uploads\/2021\/02\/tantra-masaz-270x140.jpg 270w, https:\/\/test.kozmin.cz\/wp-content\/uploads\/2021\/02\/tantra-masaz-440x228.jpg 440w, https:\/\/test.kozmin.cz\/wp-content\/uploads\/2021\/02\/tantra-masaz-432x224.jpg 432w, https:\/\/test.kozmin.cz\/wp-content\/uploads\/2021\/02\/tantra-masaz-263x136.jpg 263w\" sizes=\"(max-width: 800px) 100vw, 800px\" \/><\/p>\n<p>You will be greatly taken care of during the tantric massage. You will be able to enjoy a variety of touches with soft hands and scarf or fur. Massage takes place in the pleasant atmosphere of our salon where the atmosphere is underlined by the <strong>decent tones of relaxing music scent of feathers or petals.<\/strong> There are also flaming candles.<\/p>\n  <div class=\"readMoreTextWrap\">\n      <div class=\"readMoreText\">\n          \n<p>The professional masseuse will guide you through the technique of <strong>tantric breathing<\/strong> \u2013 it will allow you to reach beyond the gates of perfect physical and mental relaxation. There willbe flowing unreal energy through you body you have not experienced before. Tantric massage is a <strong>healing massage<\/strong> which is underlined by an <strong>intimate mood.<\/strong> Massage can include massage of the prostate.<\/p>\n      <\/div>\n      <div class=\"openReadMoreText\"><span>\u010c\u00cdST D\u00c1LE<\/span><\/div>\n  <\/div>\n  \n<h2>WHY TRY MASSAGE TANTRA?<br \/>\n<em>BENEFITS AND EXPERIENCES OF TANTRA MASSAGE<\/em><\/h2>\n<div class=\"boxesEvenSpread\">\n<div class=\"spreadBox\">Induces a balance of body and mind<\/div>\n<div class=\"spreadBox\">Brings mental enjoyment<\/div>\n<div class=\"spreadBox\">Subconsciously enduring pleasure<\/div>\n<div class=\"spreadBox\">Feeling new energy<\/div>\n<div class=\"spreadBox\">Stimulating libido<\/div>\n<\/div>\n<div style=\"height:20px;\"><\/div>\n<h2>WHY TANTRA MASSAGE?<br \/>\n<em>BENEFITS AND EXPERIENCES OF TANTRA MASSAGE<\/em><\/h2>\n<div class='luxury_karty luxury_jQuery_tabs'><ul><li><a href=\"#luxury__utei_11\">MASSAGE<\/a><\/li><li><a href=\"#luxury__utei_12\">EXTRA SERVICES<\/a><\/li><\/ul>\n<div class='luxury_karta' id='luxury__utei_11'>\n<table class=\"pricelist\"><th>\u010cAS<\/th><th>1 MAS\u00c9RKA<\/th><th>2 MAS\u00c9RKY<\/th><tr><td>60 min<\/td><td>1900 CZK<\/td><td>2900 CZK<\/td><\/tr><tr><td>90 min<\/td><td>3100 CZK<\/td><td>3900 CZK<\/td><\/tr><tr><td>120 min<\/td><td>4200 CZK<\/td><td>4900 CZK<\/td><\/tr><\/table>\n<\/div>\n<div class='luxury_karta' id='luxury__utei_12'>\n<table class=\"pricelist\"><th>Slu\u017eba<\/th><th>1 MAS\u00c9RKA<\/th><th>2 MAS\u00c9RKY<\/th><tr><td>Lesbishow<\/td><td><\/td><td>+400 CZK<\/td><\/tr><tr><td>BDSM - Sensual massage<\/td><td>+200 CZK<\/td><td>+400 CZK<\/td><\/tr><tr><td>Prostate massage<\/td><td>+500 CZK<\/td><td>+1000 CZK<\/td><\/tr><tr><td>Autoerotics<\/td><td>+500 CZK<\/td><td>+1000 CZK<\/td><\/tr><tr><td>Footjob<\/td><td>+200 CZK<\/td><td>+400 CZK<\/td><\/tr><\/table>\n<\/div>\n<\/div>\n<div style=\"height:20px;\"><\/div>\n<h2>QUEEN OF ALL MASSAGES<br \/>\n<em>BASED ON TANTRIC-TAOIST TECHNIQUES<\/em><\/h2>\n<p><img decoding=\"async\" loading=\"lazy\" class=\"wp-image-15999 size-full\" src=\"https:\/\/test.kozmin.cz\/wp-content\/uploads\/2021\/02\/tantra-historie.jpg\" alt=\"\" width=\"800\" height=\"395\" srcset=\"https:\/\/test.kozmin.cz\/wp-content\/uploads\/2021\/02\/tantra-historie.jpg 800w, https:\/\/test.kozmin.cz\/wp-content\/uploads\/2021\/02\/tantra-historie-300x148.jpg 300w, https:\/\/test.kozmin.cz\/wp-content\/uploads\/2021\/02\/tantra-historie-270x133.jpg 270w, https:\/\/test.kozmin.cz\/wp-content\/uploads\/2021\/02\/tantra-historie-440x217.jpg 440w, https:\/\/test.kozmin.cz\/wp-content\/uploads\/2021\/02\/tantra-historie-432x213.jpg 432w, https:\/\/test.kozmin.cz\/wp-content\/uploads\/2021\/02\/tantra-historie-263x130.jpg 263w\" sizes=\"(max-width: 800px) 100vw, 800px\" \/><\/p>\n<p>Tantra massage is often referred like the <strong>queen of all massages.<\/strong> Massage brings you feeling of  maximal relaxation and also achieving very pleasant feelings. These feelings will stay inside you long after the massage. Tantric massages are the combination of sensual ritual and gentle touch \u2013 an <strong>intimate massage<\/strong> that strengthens your <strong>sexual energy<\/strong> in your body and allows you to perceive every touch with all the senses and nerves. <\/p>\n  <div class=\"readMoreTextWrap\">\n      <div class=\"readMoreText\">\n          \n<p>Thanks to the tantric massage you will step out of the limits of everyday life and give yourself up to the <strong>present moment.<\/strong> We combine elements of ancient <strong>Tantric-Taoist techniques<\/strong> and <strong>classic massage techniques<\/strong> during the massage. Tantric massage will calm you down \u2013 also it will open new ways of your energy up and allow you to explore the sexual limits of your body. Visit our massage salon in Prague and <strong>feel gentle touches<\/strong> of our beautiful masseuses. Let it go nicely.<\/strong><\/p>\n      <\/div>\n      <div class=\"openReadMoreText\"><span>\u010c\u00cdST D\u00c1LE<\/span><\/div>\n  <\/div>\n  \n","protected":false},"excerpt":{"rendered":"<p>TANTRA MASSAGE PROCEDURE SAMPLE OF TANTRA EROTIC MASSAGE You will be greatly taken care of during the tantric massage. You will be able to enjoy a variety of touches with soft hands and scarf or fur. Massage takes place in the pleasant atmosphere of our salon where the atmosphere is underlined by the decent tones of relaxing music scent of feathers or petals. There are also flaming candles. WHY TRY MASSAGE TANTRA? BENEFITS AND EXPERIENCES OF TANTRA MASSAGE WHY TANTRA MASSAGE? BENEFITS AND EXPERIENCES OF TANTRA MASSAGE QUEEN OF ALL MASSAGES BASED ON TANTRIC-TAOIST TECHNIQUES Tantra massage is often referred [&hellip;]<\/p>\n","protected":false},"author":7,"featured_media":0,"parent":0,"menu_order":7,"comment_status":"closed","ping_status":"closed","template":"page-service.php","meta":[],"_links":{"self":[{"href":"https:\/\/test.kozmin.cz\/en\/wp-json\/wp\/v2\/pages\/16108"}],"collection":[{"href":"https:\/\/test.kozmin.cz\/en\/wp-json\/wp\/v2\/pages"}],"about":[{"href":"https:\/\/test.kozmin.cz\/en\/wp-json\/wp\/v2\/types\/page"}],"author":[{"embeddable":true,"href":"https:\/\/test.kozmin.cz\/en\/wp-json\/wp\/v2\/users\/7"}],"replies":[{"embeddable":true,"href":"https:\/\/test.kozmin.cz\/en\/wp-json\/wp\/v2\/comments?post=16108"}],"version-history":[{"count":8,"href":"https:\/\/test.kozmin.cz\/en\/wp-json\/wp\/v2\/pages\/16108\/revisions"}],"predecessor-version":[{"id":16346,"href":"https:\/\/test.kozmin.cz\/en\/wp-json\/wp\/v2\/pages\/16108\/revisions\/16346"}],"wp:attachment":[{"href":"https:\/\/test.kozmin.cz\/en\/wp-json\/wp\/v2\/media?parent=16108"}],"curies":[{"name":"wp","href":"https:\/\/api.w.org\/{rel}","templated":true}]}}