{"id":16094,"date":"2021-02-24T20:52:59","date_gmt":"2021-02-24T19:52:59","guid":{"rendered":"https:\/\/test.kozmin.cz\/?page_id=16094"},"modified":"2021-03-16T16:28:21","modified_gmt":"2021-03-16T15:28:21","slug":"soap-massage","status":"publish","type":"page","link":"https:\/\/test.kozmin.cz\/en\/soap-massage\/","title":{"rendered":"Soap massage"},"content":{"rendered":"<div class=\"leadParagraph\">\n<p>If you want to try so-called <strong>body to body massage<\/strong> which is rooted in <strong>traditional Turkish massage<\/strong> then definitely try a <strong>soap massage.<\/strong> Its very similar to the popular nuru massage. This oriental massage will give you a feeling of the deep relax and it will make you nicely hot as well.<\/p>\n<\/div>\n<h2>SOAP MASSAGE PROCEDURE<br \/>\n<em>SAMPLE OF SOAP EROTIC MASSAGE <\/em><\/h2>\n<p><img decoding=\"async\" loading=\"lazy\" class=\"alignnone wp-image-16025 size-full\" src=\"https:\/\/test.kozmin.cz\/wp-content\/uploads\/2021\/02\/mydlova-masaz-main2.jpg\" alt=\"\" width=\"800\" height=\"505\" srcset=\"https:\/\/test.kozmin.cz\/wp-content\/uploads\/2021\/02\/mydlova-masaz-main2.jpg 800w, https:\/\/test.kozmin.cz\/wp-content\/uploads\/2021\/02\/mydlova-masaz-main2-300x189.jpg 300w, https:\/\/test.kozmin.cz\/wp-content\/uploads\/2021\/02\/mydlova-masaz-main2-792x500.jpg 792w, https:\/\/test.kozmin.cz\/wp-content\/uploads\/2021\/02\/mydlova-masaz-main2-681x430.jpg 681w, https:\/\/test.kozmin.cz\/wp-content\/uploads\/2021\/02\/mydlova-masaz-main2-270x170.jpg 270w, https:\/\/test.kozmin.cz\/wp-content\/uploads\/2021\/02\/mydlova-masaz-main2-440x278.jpg 440w, https:\/\/test.kozmin.cz\/wp-content\/uploads\/2021\/02\/mydlova-masaz-main2-432x273.jpg 432w, https:\/\/test.kozmin.cz\/wp-content\/uploads\/2021\/02\/mydlova-masaz-main2-263x166.jpg 263w\" sizes=\"(max-width: 800px) 100vw, 800px\" \/><\/p>\n<p>The <strong>beginning of the soap massage<\/strong> is very pleasant \u2013 you will go together with our beautiful masseuse under droplets of the hot water and take a nice shower. The goal is to warm your bodies up and prepare you for all things that will follow. After a shower you will be moved into the intimate and cozy room where you can hear a fine relaxing music playing. Then the masseuse will make a special peeling for you with a <strong>special washcloth.<\/strong> This process will bleed every little piece of your naked body. Then it\u00b4s time for the massage itself  \u2013 during the massage a <strong>soap foam<\/strong> is used.<\/p>\n  <div class=\"readMoreTextWrap\">\n      <div class=\"readMoreText\">\n          \n<p>The masseuse will put a foam on your body by using a <strong>natural sea sponge.<\/strong> During the massage you can enjoy the view on the masseuse\u00b4s beautiful body \u2013 covered with foam \u2013 and also you can enjoy her touch. Masseuse mainly uses <strong>friction body to body<\/strong> during massage which is very exciting. Massage will end with your orgasm.<\/p>\n      <\/div>\n      <div class=\"openReadMoreText\"><span>\u010c\u00cdST D\u00c1LE<\/span><\/div>\n  <\/div>\n  \n<h2>WHY TRY SOAP MASSAGE?<br \/>\n<em>BENEFITS AND EXPERIENCES OF SOAP MASSAGE<\/em><\/h2>\n<div class=\"boxesEvenSpread\">\n<div class=\"spreadBox\">Warm and soothing feeling <\/div>\n<div class=\"spreadBox\">Deep relaxation <\/div>\n<div class=\"spreadBox\">Perception of peace and pleasure <\/div>\n<div class=\"spreadBox\">Relieves mental strain <\/div>\n<div class=\"spreadBox\">Hydrates and softens the skin <\/div>\n<\/div>\n<div style=\"height:20px;\"><\/div>\n<h2>PRICES OF SOAP MASSAGE<br \/>\n<em>AND EXTRA SERVICES<\/em><\/h2>\n<div class='luxury_karty luxury_jQuery_tabs'><ul><li><a href=\"#luxury__utei_11\">MASSAGE<\/a><\/li><li><a href=\"#luxury__utei_12\">EXTRA SERVICES<\/a><\/li><\/ul>\n<div class='luxury_karta' id='luxury__utei_11'>\n<table class=\"pricelist\"><th>\u010cAS<\/th><th>1 MAS\u00c9RKA<\/th><th>2 MAS\u00c9RKY<\/th><tr><td>60 min<\/td><td>2100 CZK<\/td><td>3300 CZK<\/td><\/tr><tr><td>90 min<\/td><td>2600 CZK<\/td><td>4100 CZK<\/td><\/tr><tr><td>120 min<\/td><td>3600 CZK<\/td><td>5700 CZK<\/td><\/tr><\/table>\n<\/div>\n<div class='luxury_karta' id='luxury__utei_12'>\n<table class=\"pricelist\"><th>Slu\u017eba<\/th><th>1 MAS\u00c9RKA<\/th><th>2 MAS\u00c9RKY<\/th><tr><td>Lesbishow<\/td><td><\/td><td>+400 CZK<\/td><\/tr><tr><td>BDSM - Sensual massage<\/td><td>+200 CZK<\/td><td>+400 CZK<\/td><\/tr><tr><td>Prostate massage<\/td><td>+500 CZK<\/td><td>+1000 CZK<\/td><\/tr><tr><td>Autoerotics<\/td><td>+500 CZK<\/td><td>+1000 CZK<\/td><\/tr><tr><td>Footjob<\/td><td>+200 CZK<\/td><td>+400 CZK<\/td><\/tr><\/table>\n<\/div>\n<\/div>\n<div style=\"height:20px;\"><\/div>\n<h2>CARE AS A SULTAN<br \/>\n<em>DURING THE WHISPER OF SOAP FOAM ON THE BODY OF A NAKED MASSEUSE<\/em><\/h2>\n<p><img decoding=\"async\" loading=\"lazy\" class=\"alignnone wp-image-15980 size-full\" src=\"https:\/\/test.kozmin.cz\/wp-content\/uploads\/2021\/02\/mydlova-masaz-historie.jpg\" alt=\"\" width=\"900\" height=\"528\" srcset=\"https:\/\/test.kozmin.cz\/wp-content\/uploads\/2021\/02\/mydlova-masaz-historie.jpg 900w, https:\/\/test.kozmin.cz\/wp-content\/uploads\/2021\/02\/mydlova-masaz-historie-300x176.jpg 300w, https:\/\/test.kozmin.cz\/wp-content\/uploads\/2021\/02\/mydlova-masaz-historie-852x500.jpg 852w, https:\/\/test.kozmin.cz\/wp-content\/uploads\/2021\/02\/mydlova-masaz-historie-733x430.jpg 733w, https:\/\/test.kozmin.cz\/wp-content\/uploads\/2021\/02\/mydlova-masaz-historie-270x158.jpg 270w, https:\/\/test.kozmin.cz\/wp-content\/uploads\/2021\/02\/mydlova-masaz-historie-440x258.jpg 440w, https:\/\/test.kozmin.cz\/wp-content\/uploads\/2021\/02\/mydlova-masaz-historie-432x253.jpg 432w, https:\/\/test.kozmin.cz\/wp-content\/uploads\/2021\/02\/mydlova-masaz-historie-263x154.jpg 263w\" sizes=\"(max-width: 900px) 100vw, 900px\" \/><\/p>\n<p>Soap massage is becoming more popular and more popular in these days. It combines <strong>Thai<\/strong> soap massage and <strong>Turkish<\/strong> soap massage. History of the soap massage goes back to the <strong>ancient Turkey<\/strong> where rich sultans enjoyed these delightfully feelings in their own harems.<\/p>\n","protected":false},"excerpt":{"rendered":"<p>SOAP MASSAGE PROCEDURE SAMPLE OF SOAP EROTIC MASSAGE The beginning of the soap massage is very pleasant \u2013 you will go together with our beautiful masseuse under droplets of the hot water and take a nice shower. The goal is to warm your bodies up and prepare you for all things that will follow. After a shower you will be moved into the intimate and cozy room where you can hear a fine relaxing music playing. Then the masseuse will make a special peeling for you with a special washcloth. This process will bleed every little piece of your naked [&hellip;]<\/p>\n","protected":false},"author":7,"featured_media":0,"parent":0,"menu_order":23,"comment_status":"closed","ping_status":"closed","template":"page-service.php","meta":[],"_links":{"self":[{"href":"https:\/\/test.kozmin.cz\/en\/wp-json\/wp\/v2\/pages\/16094"}],"collection":[{"href":"https:\/\/test.kozmin.cz\/en\/wp-json\/wp\/v2\/pages"}],"about":[{"href":"https:\/\/test.kozmin.cz\/en\/wp-json\/wp\/v2\/types\/page"}],"author":[{"embeddable":true,"href":"https:\/\/test.kozmin.cz\/en\/wp-json\/wp\/v2\/users\/7"}],"replies":[{"embeddable":true,"href":"https:\/\/test.kozmin.cz\/en\/wp-json\/wp\/v2\/comments?post=16094"}],"version-history":[{"count":8,"href":"https:\/\/test.kozmin.cz\/en\/wp-json\/wp\/v2\/pages\/16094\/revisions"}],"predecessor-version":[{"id":16342,"href":"https:\/\/test.kozmin.cz\/en\/wp-json\/wp\/v2\/pages\/16094\/revisions\/16342"}],"wp:attachment":[{"href":"https:\/\/test.kozmin.cz\/en\/wp-json\/wp\/v2\/media?parent=16094"}],"curies":[{"name":"wp","href":"https:\/\/api.w.org\/{rel}","templated":true}]}}