{"id":16088,"date":"2021-02-24T20:20:31","date_gmt":"2021-02-24T19:20:31","guid":{"rendered":"https:\/\/test.kozmin.cz\/?page_id=16088"},"modified":"2021-03-16T16:29:05","modified_gmt":"2021-03-16T15:29:05","slug":"royal-erotic-massage","status":"publish","type":"page","link":"https:\/\/test.kozmin.cz\/en\/royal-erotic-massage\/","title":{"rendered":"King erotic massage with two girls"},"content":{"rendered":"<div class=\"leadParagraph\">\n<p>Would you like to try the erotic massage but just one masseuse is not enough for you? Then, we offer you <strong>King erotic massage,<\/strong> at which will be not one but <strong>two masseuses together<\/strong> who will pay attention to you. The erotic massage will be running classically but you can enjoy more pleasure with two masseuses at once.<\/p>\n<\/div>\n<h2>KING EROTIC MASSAGE PROCEDURE<br \/>\n<em>VIDEO SAMPLE OF KING EROTIC MASSAGE WITH TWO GIRLS<\/em><\/h2>\n<div style=\"width: 1920px;\" class=\"wp-video\"><!--[if lt IE 9]><script>document.createElement('video');<\/script><![endif]-->\n<video class=\"wp-video-shortcode\" id=\"video-16088-1\" width=\"1920\" height=\"1080\" preload=\"metadata\" controls=\"controls\"><source type=\"video\/mp4\" src=\"https:\/\/test.kozmin.cz\/wp-content\/uploads\/2020\/10\/kralovska-masaz.mp4?_=1\" \/><a href=\"https:\/\/test.kozmin.cz\/wp-content\/uploads\/2020\/10\/kralovska-masaz.mp4\">https:\/\/test.kozmin.cz\/wp-content\/uploads\/2020\/10\/kralovska-masaz.mp4<\/a><\/video><\/div>\n<p>You will start the <strong>royal massage in shared shower <\/strong>with two masseuses, where you will get to know each other better and intimately and you will enjoy so much sensual fun. After that, you will move to the massage room with girls, where will be waiting the heated pad, there will be pleasant warm in the room, beautiful smell and calming music. Both masseuses will be naked during the massage, which will underline the <strong>erotic atmosphere<\/strong> and wake up your <strong>intimate fantasy.<\/strong><\/p>\n  <div class=\"readMoreTextWrap\">\n      <div class=\"readMoreText\">\n          \n<p>They will connect the erotic massage with caress of your buttocks and thighs. Then, you will turn around on your back and enjoy the look at <strong>two beautiful naked girls<\/strong> who will massage every single piece of your body with the special oil. They will start on your chest and continue lower to your <strong>intimate parts<\/strong> very slowly. They will pay attention to your intimate parts so thoroughly until you will reach your orgasm. The girls switch several kinds of <strong>erotic practices<\/strong> during the massage and you can say, which one is the best for you.<\/p>\n      <\/div>\n      <div class=\"openReadMoreText\"><span>\u010c\u00cdST D\u00c1LE<\/span><\/div>\n  <\/div>\n  \n<h2>WHY TRY KING EROTIC MASSAGE?<br \/>\n<em>BENEFITS AND EXPERIENCES OF KING EROTIC MASSAGE<\/em><\/h2>\n<div class=\"boxesEvenSpread\">\n<div class=\"spreadBox\">Feeling of care and pleasure<\/div>\n<div class=\"spreadBox\">Starting self-confidence<\/div>\n<div class=\"spreadBox\">Relaxing the mind<\/div>\n<div class=\"spreadBox\">Excitement that lasts<\/div>\n<div class=\"spreadBox\">Unforgettable feelings<\/div>\n<div class=\"spreadBox\">Fulfilling inner desire<\/div>\n<\/div>\n<div style=\"height:20px;\"><\/div>\n<h2>PRICES OF KING EROTIC MASSAGE<br \/>\n<em>AND EXTRA SERVICES<\/em><\/h2>\n<p style=\"text-align: center;\">Prices of massages with two masseuses can be found for each type of massage in column 2 MASSEUSES<br \/>\n<a href=\"https:\/\/test.kozmin.cz\/en\/prices\/\">PRICE LIST<\/a><\/p>\n<div style=\"height:20px;\"><\/div>\n<h2>FULFILL YOUR DESIRES<br \/>\n<em>ENJOY AN EXPERIENCE THAT STAY IN YOUR MIND FOREVER <\/em><\/h2>\n<p><img decoding=\"async\" loading=\"lazy\" class=\"alignnone wp-image-15977 size-full\" src=\"https:\/\/test.kozmin.cz\/wp-content\/uploads\/2021\/02\/dve-maserky3.jpg\" alt=\"\" width=\"800\" height=\"393\" srcset=\"https:\/\/test.kozmin.cz\/wp-content\/uploads\/2021\/02\/dve-maserky3.jpg 800w, https:\/\/test.kozmin.cz\/wp-content\/uploads\/2021\/02\/dve-maserky3-300x147.jpg 300w, https:\/\/test.kozmin.cz\/wp-content\/uploads\/2021\/02\/dve-maserky3-270x133.jpg 270w, https:\/\/test.kozmin.cz\/wp-content\/uploads\/2021\/02\/dve-maserky3-440x216.jpg 440w, https:\/\/test.kozmin.cz\/wp-content\/uploads\/2021\/02\/dve-maserky3-432x212.jpg 432w, https:\/\/test.kozmin.cz\/wp-content\/uploads\/2021\/02\/dve-maserky3-263x129.jpg 263w\" sizes=\"(max-width: 800px) 100vw, 800px\" \/><\/p>\n<p>Let pamper yourself and indulge yourself something extraordinary. The massage with two beautiful girls is <strong>indescribable experience.<\/strong> You will remember that for a long time and you will not want to enjoy that only for once in your lifetime. Double dose of erotica will add <strong>new sexual energy<\/strong> to you and increase libido. So, come to try!<\/p>\n","protected":false},"excerpt":{"rendered":"<p>KING EROTIC MASSAGE PROCEDURE VIDEO SAMPLE OF KING EROTIC MASSAGE WITH TWO GIRLS You will start the royal massage in shared shower with two masseuses, where you will get to know each other better and intimately and you will enjoy so much sensual fun. After that, you will move to the massage room with girls, where will be waiting the heated pad, there will be pleasant warm in the room, beautiful smell and calming music. Both masseuses will be naked during the massage, which will underline the erotic atmosphere and wake up your intimate fantasy. WHY TRY KING EROTIC MASSAGE? [&hellip;]<\/p>\n","protected":false},"author":7,"featured_media":0,"parent":0,"menu_order":26,"comment_status":"closed","ping_status":"closed","template":"page-service.php","meta":[],"_links":{"self":[{"href":"https:\/\/test.kozmin.cz\/en\/wp-json\/wp\/v2\/pages\/16088"}],"collection":[{"href":"https:\/\/test.kozmin.cz\/en\/wp-json\/wp\/v2\/pages"}],"about":[{"href":"https:\/\/test.kozmin.cz\/en\/wp-json\/wp\/v2\/types\/page"}],"author":[{"embeddable":true,"href":"https:\/\/test.kozmin.cz\/en\/wp-json\/wp\/v2\/users\/7"}],"replies":[{"embeddable":true,"href":"https:\/\/test.kozmin.cz\/en\/wp-json\/wp\/v2\/comments?post=16088"}],"version-history":[{"count":11,"href":"https:\/\/test.kozmin.cz\/en\/wp-json\/wp\/v2\/pages\/16088\/revisions"}],"predecessor-version":[{"id":16340,"href":"https:\/\/test.kozmin.cz\/en\/wp-json\/wp\/v2\/pages\/16088\/revisions\/16340"}],"wp:attachment":[{"href":"https:\/\/test.kozmin.cz\/en\/wp-json\/wp\/v2\/media?parent=16088"}],"curies":[{"name":"wp","href":"https:\/\/api.w.org\/{rel}","templated":true}]}}