{"id":16079,"date":"2021-02-24T09:38:28","date_gmt":"2021-02-24T08:38:28","guid":{"rendered":"https:\/\/test.kozmin.cz\/?page_id=16079"},"modified":"2021-03-16T16:30:14","modified_gmt":"2021-03-16T15:30:14","slug":"penis-massage-lingamu-top-in-prague","status":"publish","type":"page","link":"https:\/\/test.kozmin.cz\/en\/penis-massage-lingamu-top-in-prague\/","title":{"rendered":"Penis massage &#8211; Lingam"},"content":{"rendered":"<div class=\"leadParagraph\">\n<p>Almost <strong>infinite excitement<\/strong>from the beginning to the end and the power of rediscovered energy that is pulsating through your whole body \u2013  these are the main attributes of tantric lingam massages \u2013 technique that will bring you to the <strong>highest level of your sexuality<\/strong> that you haven\u00b4t even had any idea\u2026<\/p>\n<\/div>\n<h2>MASSAGE LINGAM PROCEDURE<br \/>\n<em>SAMPLE OF MASSAGE LINGAM<\/em><\/h2>\n<p><img decoding=\"async\" loading=\"lazy\" class=\"alignnone wp-image-15990 size-full\" src=\"https:\/\/test.kozmin.cz\/wp-content\/uploads\/2021\/02\/lingam-masaz-main2.jpg\" alt=\"\" width=\"800\" height=\"438\" srcset=\"https:\/\/test.kozmin.cz\/wp-content\/uploads\/2021\/02\/lingam-masaz-main2.jpg 800w, https:\/\/test.kozmin.cz\/wp-content\/uploads\/2021\/02\/lingam-masaz-main2-300x164.jpg 300w, https:\/\/test.kozmin.cz\/wp-content\/uploads\/2021\/02\/lingam-masaz-main2-785x430.jpg 785w, https:\/\/test.kozmin.cz\/wp-content\/uploads\/2021\/02\/lingam-masaz-main2-270x148.jpg 270w, https:\/\/test.kozmin.cz\/wp-content\/uploads\/2021\/02\/lingam-masaz-main2-440x241.jpg 440w, https:\/\/test.kozmin.cz\/wp-content\/uploads\/2021\/02\/lingam-masaz-main2-432x237.jpg 432w, https:\/\/test.kozmin.cz\/wp-content\/uploads\/2021\/02\/lingam-masaz-main2-263x144.jpg 263w\" sizes=\"(max-width: 800px) 100vw, 800px\" \/><\/p>\n<p>The client lies on his back during the massage and an experienced, beautiful masseuse gives her attention to the <strong>intimate parts and pelvis.<\/strong> The intimate atmosphere full of the smell of wooden sticks and massage oil and underlined by the pleasant tones of relaxing music and soft candle light makes whole experience much stronger and multiplied. <\/p>\n<p>Tantric lingam massage also has a healing effect \u2013 there is special massage technique which causes right blood circulation in your penis and <strong>also gives feeling of deep relax.<\/strong><\/p>\n  <div class=\"readMoreTextWrap\">\n      <div class=\"readMoreText\">\n          \n<p>Tantric lingam massage ends with your climax. Because the climax is delayed as much as possible during this massage and the right flowing of <strong>energy is intensely stimulated<\/strong> during the massage you will reach an unexpected pleasure that passes through your whole body in the powerful waves. The ultimate climax is so powerful that you will discover unknown <strong>experience of ecstasy.<\/strong><\/p>\n      <\/div>\n      <div class=\"openReadMoreText\"><span>\u010c\u00cdST D\u00c1LE<\/span><\/div>\n  <\/div>\n  \n<h2>WHY TRY MASSAGE LINGAM?<br \/>\n<em>BENEFITS AND EXPERIENCES OF EROTIC MASSAGE<\/em><\/h2>\n<div class=\"boxesEvenSpread\">\n<div class=\"spreadBox\">Penis perfusion<\/div>\n<div class=\"spreadBox\">Erection improvement<\/div>\n<div class=\"spreadBox\">Strengthening libido<\/div>\n<div class=\"spreadBox\">Concentration of ideas<\/div>\n<div class=\"spreadBox\">Harmony of body and mind<\/div>\n<div class=\"spreadBox\">Releasing emotions<\/div>\n<\/div>\n<div style=\"height:20px;\"><\/div>\n<h2>PRICES OF MASSAGES LINGAM<br \/>\n<em>AND EXTRA SERVICES<\/em><\/h2>\n<div class='luxury_karty luxury_jQuery_tabs'><ul><li><a href=\"#luxury__utei_11\">MASSAGE<\/a><\/li><li><a href=\"#luxury__utei_12\">EXTRA SERVICES<\/a><\/li><\/ul>\n<div class='luxury_karta' id='luxury__utei_11'>\n<table class=\"pricelist\"><th>\u010cAS<\/th><th>1 MAS\u00c9RKA<\/th><th>2 MAS\u00c9RKY<\/th><tr><td>30 min<\/td><td>1800 CZK<\/td><td>2800 CZK<\/td><\/tr><tr><td>60 min<\/td><td>2300 CZK<\/td><td>3500 CZK<\/td><\/tr><tr><td>90 min<\/td><td>2800 CZK<\/td><td>4400 CZK<\/td><\/tr><tr><td>120 min<\/td><td>3600 CZK<\/td><td>5800 CZK<\/td><\/tr><\/table>\n<\/div>\n<div class='luxury_karta' id='luxury__utei_12'>\n<table class=\"pricelist\"><th>Slu\u017eba<\/th><th>1 MAS\u00c9RKA<\/th><th>2 MAS\u00c9RKY<\/th><tr><td>Lesbishow<\/td><td><\/td><td>+400 CZK<\/td><\/tr><tr><td>BDSM - Sensual massage<\/td><td>+200 CZK<\/td><td>+400 CZK<\/td><\/tr><tr><td>Prostate massage<\/td><td>+500 CZK<\/td><td>+1000 CZK<\/td><\/tr><tr><td>Autoerotics<\/td><td>+500 CZK<\/td><td>+1000 CZK<\/td><\/tr><tr><td>Footjob<\/td><td>+200 CZK<\/td><td>+400 CZK<\/td><\/tr><\/table>\n<\/div>\n<\/div>\n<div style=\"height:20px;\"><\/div>\n<h2>ANCIENT ORIGINS OF LINGAM MASSAGE<br \/>\n<em>WHICH BORN AN EROTIC RITUAL STRENGTHENING THE BODY AND THE MIND<\/em><\/h2>\n<p><img decoding=\"async\" loading=\"lazy\" class=\"alignnone wp-image-15966 size-full\" src=\"https:\/\/test.kozmin.cz\/wp-content\/uploads\/2021\/02\/lingam-historie-scaled.jpg\" alt=\"\" width=\"1140\" height=\"470\" srcset=\"https:\/\/test.kozmin.cz\/wp-content\/uploads\/2021\/02\/lingam-historie-scaled.jpg 1140w, https:\/\/test.kozmin.cz\/wp-content\/uploads\/2021\/02\/lingam-historie-300x124.jpg 300w, https:\/\/test.kozmin.cz\/wp-content\/uploads\/2021\/02\/lingam-historie-1024x422.jpg 1024w, https:\/\/test.kozmin.cz\/wp-content\/uploads\/2021\/02\/lingam-historie-1536x633.jpg 1536w, https:\/\/test.kozmin.cz\/wp-content\/uploads\/2021\/02\/lingam-historie-1100x453.jpg 1100w, https:\/\/test.kozmin.cz\/wp-content\/uploads\/2021\/02\/lingam-historie-960x395.jpg 960w, https:\/\/test.kozmin.cz\/wp-content\/uploads\/2021\/02\/lingam-historie-270x111.jpg 270w, https:\/\/test.kozmin.cz\/wp-content\/uploads\/2021\/02\/lingam-historie-440x181.jpg 440w, https:\/\/test.kozmin.cz\/wp-content\/uploads\/2021\/02\/lingam-historie-432x178.jpg 432w, https:\/\/test.kozmin.cz\/wp-content\/uploads\/2021\/02\/lingam-historie-263x108.jpg 263w\" sizes=\"(max-width: 1140px) 100vw, 1140px\" \/><\/p>\n<p><strong>Lingam<\/strong> means a \u201epenis\u201c in the ancient sanskrit language. Massage of your intimate parts will not only wake your <strong>sexual energy<\/strong> up but it has <strong>regenerative and healing<\/strong> effect as well. During the intimate massage of this kind the <strong>hormones of happiness<\/strong> are also released into the body. The delicate masseuse\u00b4s touches  will give you feeling of endless and the <strong>ecstasy<\/strong> associated with this will bring you feelings you haven\u00b4t known yet. You will feel like a being born again.<\/p>\n  <div class=\"readMoreTextWrap\">\n      <div class=\"readMoreText\">\n          \n<p>The <strong>tantric lingam<\/strong> massage is based on <strong>Kamasutra<\/strong> and the taoist approach to erotica. Its purpose is not an immediate climax \u2013 on the contrary, the purpose of the massage is delay the climax as much as possible. In this way you can discover the unexpected possibilities of your body, your sexual fantasy and also you will dive into the depths of your own erotic. In addition, tantric lingam massage helps to achieve <strong>harmony between physical and spiritual<\/strong> realm.<\/p>\n      <\/div>\n      <div class=\"openReadMoreText\"><span>\u010c\u00cdST D\u00c1LE<\/span><\/div>\n  <\/div>\n  \n","protected":false},"excerpt":{"rendered":"<p>MASSAGE LINGAM PROCEDURE SAMPLE OF MASSAGE LINGAM The client lies on his back during the massage and an experienced, beautiful masseuse gives her attention to the intimate parts and pelvis. The intimate atmosphere full of the smell of wooden sticks and massage oil and underlined by the pleasant tones of relaxing music and soft candle light makes whole experience much stronger and multiplied. Tantric lingam massage also has a healing effect \u2013 there is special massage technique which causes right blood circulation in your penis and also gives feeling of deep relax. WHY TRY MASSAGE LINGAM? BENEFITS AND EXPERIENCES OF [&hellip;]<\/p>\n","protected":false},"author":7,"featured_media":0,"parent":0,"menu_order":29,"comment_status":"closed","ping_status":"closed","template":"page-service.php","meta":[],"_links":{"self":[{"href":"https:\/\/test.kozmin.cz\/en\/wp-json\/wp\/v2\/pages\/16079"}],"collection":[{"href":"https:\/\/test.kozmin.cz\/en\/wp-json\/wp\/v2\/pages"}],"about":[{"href":"https:\/\/test.kozmin.cz\/en\/wp-json\/wp\/v2\/types\/page"}],"author":[{"embeddable":true,"href":"https:\/\/test.kozmin.cz\/en\/wp-json\/wp\/v2\/users\/7"}],"replies":[{"embeddable":true,"href":"https:\/\/test.kozmin.cz\/en\/wp-json\/wp\/v2\/comments?post=16079"}],"version-history":[{"count":10,"href":"https:\/\/test.kozmin.cz\/en\/wp-json\/wp\/v2\/pages\/16079\/revisions"}],"predecessor-version":[{"id":16337,"href":"https:\/\/test.kozmin.cz\/en\/wp-json\/wp\/v2\/pages\/16079\/revisions\/16337"}],"wp:attachment":[{"href":"https:\/\/test.kozmin.cz\/en\/wp-json\/wp\/v2\/media?parent=16079"}],"curies":[{"name":"wp","href":"https:\/\/api.w.org\/{rel}","templated":true}]}}