{"id":16073,"date":"2021-02-24T08:34:02","date_gmt":"2021-02-24T07:34:02","guid":{"rendered":"https:\/\/test.kozmin.cz\/?page_id=16073"},"modified":"2021-03-16T16:31:11","modified_gmt":"2021-03-16T15:31:11","slug":"nuru-massages","status":"publish","type":"page","link":"https:\/\/test.kozmin.cz\/en\/nuru-massages\/","title":{"rendered":"Nuru massage"},"content":{"rendered":"<div class=\"leadParagraph\">\n<p><strong>Nuru massage<\/strong> brings you a unique experience using a special Nuru gel. The masseuse slides on her naked body during this massage. This leads to <strong>intense contact<\/strong> in which the masseuse uses her <strong>strengths<\/strong> &#8211; breasts and buttocks.<\/p>\n<\/div>\n<h2>NURU MASSAGE PROCEDURE<br \/>\n<em>VIDEO SAMPLE OF NURU MASSAGE<\/em><\/h2>\n<div style=\"width: 1920px;\" class=\"wp-video\"><!--[if lt IE 9]><script>document.createElement('video');<\/script><![endif]-->\n<video class=\"wp-video-shortcode\" id=\"video-16073-1\" width=\"1920\" height=\"1080\" preload=\"metadata\" controls=\"controls\"><source type=\"video\/mp4\" src=\"https:\/\/test.kozmin.cz\/wp-content\/uploads\/2020\/10\/nuru-jedna.mp4?_=1\" \/><a href=\"https:\/\/test.kozmin.cz\/wp-content\/uploads\/2020\/10\/nuru-jedna.mp4\">https:\/\/test.kozmin.cz\/wp-content\/uploads\/2020\/10\/nuru-jedna.mp4<\/a><\/video><\/div>\n<p>NURU massage starts with a nice <strong>shower you share with a masseuse.<\/strong> She will give you a gentle massage during the shower. And then you will go into the room where everything will be ready for NURU massage. We use a large heated matress with an impermeable cover and also we use inflatable mattress.<\/p>\n<p>The masseuse will lubricate her naked body and yours with <strong>NURU gel<\/strong> and everything is ready\u2026 NURU massage is body on the body massage so there is friction during the whole process.   <div class=\"readMoreTextWrap\">\n      <div class=\"readMoreText\">\n          \n<p>The masseuse is <strong>completely naked<\/strong> during the massage and she uses her hands and  her whole body for the massage. You can enjoy the sensual touches of <strong>her butt, breasts and legs or hands.<\/strong> The body to body technique <strong>encourages eroticism<\/strong> and creates an exciting atmosphere.<\/p>\n      <\/div>\n      <div class=\"openReadMoreText\"><span>\u010c\u00cdST D\u00c1LE<\/span><\/div>\n  <\/div>\n  \n<h2>WHY TRY NURU MASSAGE?<br \/>\n<em>BENEFITS AND EXPERIENCES OF NURU MASSAGE<\/em><\/h2>\n<div class=\"boxesEvenSpread\">\n<div class=\"spreadBox\">Strong stimulation<\/div>\n<div class=\"spreadBox\">Improvement libido<\/div>\n<div class=\"spreadBox\">Relaxes the body<\/div>\n<div class=\"spreadBox\">Improves the psyche<\/div>\n<div class=\"spreadBox\">Antibacterial effect<\/div>\n<div class=\"spreadBox\">Skin antioxidants<\/div>\n<\/div>\n<div style=\"height:20px;\"><\/div>\n<h2>PRICES OF NURU MASSAGES<br \/>\n<em>AND EXTRA SERVICES<\/em><\/h2>\n<div class='luxury_karty luxury_jQuery_tabs'><ul><li><a href=\"#luxury__utei_11\">MASSAGE<\/a><\/li><li><a href=\"#luxury__utei_12\">EXTRA SERVICES<\/a><\/li><\/ul>\n<div class='luxury_karta' id='luxury__utei_11'>\n<table class=\"pricelist\"><th>\u010cAS<\/th><th>1 MAS\u00c9RKA<\/th><th>2 MAS\u00c9RKY<\/th><tr><td>60 min<\/td><td>2200 CZK<\/td><td>3400 CZK<\/td><\/tr><tr><td>90 min<\/td><td>2700 CZK<\/td><td>4200 CZK<\/td><\/tr><tr><td>120 min<\/td><td>3800 CZK<\/td><td>5700 CZK<\/td><\/tr><\/table>\n<\/div>\n<div class='luxury_karta' id='luxury__utei_12'>\n<table class=\"pricelist\"><th>Slu\u017eba<\/th><th>1 MAS\u00c9RKA<\/th><th>2 MAS\u00c9RKY<\/th><tr><td>Lesbishow<\/td><td><\/td><td>+400 CZK<\/td><\/tr><tr><td>BDSM - Sensual massage<\/td><td>+200 CZK<\/td><td>+400 CZK<\/td><\/tr><tr><td>Prostate massage<\/td><td>+500 CZK<\/td><td>+1000 CZK<\/td><\/tr><tr><td>Autoerotics<\/td><td>+500 CZK<\/td><td>+1000 CZK<\/td><\/tr><tr><td>Footjob<\/td><td>+200 CZK<\/td><td>+400 CZK<\/td><\/tr><\/table>\n<\/div>\n<\/div>\n<div style=\"height:20px;\"><\/div>\n<h2>INTERESTING FACTS ABOUT NURU GEL<br \/>\n<em>THE ORIGIN AND BENEFITS OF NURU GEL PROVIDE<\/em><\/h2>\n<p><img decoding=\"async\" loading=\"lazy\" class=\"alignnone wp-image-15963 size-full\" src=\"https:\/\/test.kozmin.cz\/wp-content\/uploads\/2021\/02\/nuru-gel-zajimavosti2.jpg\" alt=\"\" width=\"800\" height=\"450\" srcset=\"https:\/\/test.kozmin.cz\/wp-content\/uploads\/2021\/02\/nuru-gel-zajimavosti2.jpg 800w, https:\/\/test.kozmin.cz\/wp-content\/uploads\/2021\/02\/nuru-gel-zajimavosti2-300x169.jpg 300w, https:\/\/test.kozmin.cz\/wp-content\/uploads\/2021\/02\/nuru-gel-zajimavosti2-764x430.jpg 764w, https:\/\/test.kozmin.cz\/wp-content\/uploads\/2021\/02\/nuru-gel-zajimavosti2-270x152.jpg 270w, https:\/\/test.kozmin.cz\/wp-content\/uploads\/2021\/02\/nuru-gel-zajimavosti2-440x248.jpg 440w, https:\/\/test.kozmin.cz\/wp-content\/uploads\/2021\/02\/nuru-gel-zajimavosti2-432x243.jpg 432w, https:\/\/test.kozmin.cz\/wp-content\/uploads\/2021\/02\/nuru-gel-zajimavosti2-263x148.jpg 263w\" sizes=\"(max-width: 800px) 100vw, 800px\" \/><\/p>\n<p>The <strong>word NURU<\/strong> comes from Japanese and it lubricous. Which is the main feature of the special NURU gel made from seaweed in <strong>Japan.<\/strong> This gel has a <strong>thick consistency<\/strong> \u2013 visually it reminds some kind of lubricant. This special gel is not sticky but it slides nicely and gently. The gel is soluble in water so you do not have to worry about being oily or greasy. <\/p>\n  <div class=\"readMoreTextWrap\">\n      <div class=\"readMoreText\">\n          \n<p>The gel is soluble in water so you do not have to worry about being oily or greasy. NURU gel is not some kind of oil and also it is washable with ordinary water. Thanks to its natural origin it has beneficial <strong>antibacterial and nutritional effects<\/strong> on human skin. Skin remains <strong>soft and hydrated.<\/strong> <\/p>\n<p>NURU gel is popular all over the world\u2026 In our salon we use the <strong>original NURU gel.<\/strong><\/p>\n<p>NURU massages were the domain of the Orient \/ far East. Recently this kind of massage is slowly expanding all over the world and becoming a hot new trend on the field of erotic massages.<\/p>\n      <\/div>\n      <div class=\"openReadMoreText\"><span>\u010c\u00cdST D\u00c1LE<\/span><\/div>\n  <\/div>\n  \n","protected":false},"excerpt":{"rendered":"<p>NURU MASSAGE PROCEDURE VIDEO SAMPLE OF NURU MASSAGE NURU massage starts with a nice shower you share with a masseuse. She will give you a gentle massage during the shower. And then you will go into the room where everything will be ready for NURU massage. We use a large heated matress with an impermeable cover and also we use inflatable mattress. The masseuse will lubricate her naked body and yours with NURU gel and everything is ready\u2026 NURU massage is body on the body massage so there is friction during the whole process. WHY TRY NURU MASSAGE? BENEFITS AND [&hellip;]<\/p>\n","protected":false},"author":7,"featured_media":0,"parent":0,"menu_order":22,"comment_status":"closed","ping_status":"closed","template":"page-service.php","meta":[],"_links":{"self":[{"href":"https:\/\/test.kozmin.cz\/en\/wp-json\/wp\/v2\/pages\/16073"}],"collection":[{"href":"https:\/\/test.kozmin.cz\/en\/wp-json\/wp\/v2\/pages"}],"about":[{"href":"https:\/\/test.kozmin.cz\/en\/wp-json\/wp\/v2\/types\/page"}],"author":[{"embeddable":true,"href":"https:\/\/test.kozmin.cz\/en\/wp-json\/wp\/v2\/users\/7"}],"replies":[{"embeddable":true,"href":"https:\/\/test.kozmin.cz\/en\/wp-json\/wp\/v2\/comments?post=16073"}],"version-history":[{"count":13,"href":"https:\/\/test.kozmin.cz\/en\/wp-json\/wp\/v2\/pages\/16073\/revisions"}],"predecessor-version":[{"id":16368,"href":"https:\/\/test.kozmin.cz\/en\/wp-json\/wp\/v2\/pages\/16073\/revisions\/16368"}],"wp:attachment":[{"href":"https:\/\/test.kozmin.cz\/en\/wp-json\/wp\/v2\/media?parent=16073"}],"curies":[{"name":"wp","href":"https:\/\/api.w.org\/{rel}","templated":true}]}}