{"id":16067,"date":"2021-02-24T06:56:36","date_gmt":"2021-02-24T05:56:36","guid":{"rendered":"https:\/\/test.kozmin.cz\/?page_id=16067"},"modified":"2023-01-30T11:31:01","modified_gmt":"2023-01-30T10:31:01","slug":"erotic-massage","status":"publish","type":"page","link":"https:\/\/test.kozmin.cz\/en\/erotic-massage\/","title":{"rendered":"Erotic massage"},"content":{"rendered":"<div class=\"leadParagraph\">\n<p><strong>Erotic massage<\/strong> is a very intimate experience and more people like it very much. Our salon offers a <strong>sensual massages<\/strong> of your whole body. During these massages we use a hot massage emulsion \u2013 this pleasantly underlines every touch and brings you to the very heights of pleasure!<\/p>\n<\/div>\n<h2>EROTIC MASSAGE PROCEDURE<br \/>\n<em>VIDEO SAMPLE OF EROTIC MASSAGE<\/em><\/h2>\n<div style=\"width: 1920px;\" class=\"wp-video\"><!--[if lt IE 9]><script>document.createElement('video');<\/script><![endif]-->\n<video class=\"wp-video-shortcode\" id=\"video-16067-1\" width=\"1920\" height=\"1080\" preload=\"metadata\" controls=\"controls\"><source type=\"video\/mp4\" src=\"https:\/\/test.kozmin.cz\/wp-content\/uploads\/2020\/02\/Sandra-min.mp4?_=1\" \/><a href=\"https:\/\/test.kozmin.cz\/wp-content\/uploads\/2020\/02\/Sandra-min.mp4\">https:\/\/test.kozmin.cz\/wp-content\/uploads\/2020\/02\/Sandra-min.mp4<\/a><\/video><\/div>\n<p>You can imagine a very gentle massage that will not miss any part of your body \u2013 even the smallest piece of your skin will not be left unattended. It starts like a classic relaxing massage but it has several significant differences.<\/p>\n  <div class=\"readMoreTextWrap\">\n      <div class=\"readMoreText\">\n          \n<p>The masseuse is <strong>completely naked<\/strong> during the massage and she uses her hands and her whole body for the massage. You can enjoy the sensual touches of <strong>her butt, breasts and legs or hands.<\/strong> The body to body technique <strong>encourages eroticism<\/strong> and creates an exciting atmosphere.<\/p>\n      <\/div>\n      <div class=\"openReadMoreText\"><span>READ MORE ABOUT EROTIC MASSAGE<\/span><\/div>\n  <\/div>\n  \n<h2>WHY TRY EROTIC MASSAGE?<br \/>\n<em>BENEFITS AND EXPERIENCES OF EROTIC MASSAGE<\/em><\/h2>\n<div class=\"boxesEvenSpread\">\n<div class=\"spreadBox\">Stimulates the mind<\/div>\n<div class=\"spreadBox\">Reduces stress<\/div>\n<div class=\"spreadBox\">Brings excitement<\/div>\n<div class=\"spreadBox\">Feeling relaxed<\/div>\n<div class=\"spreadBox\">Stimulating libido<\/div>\n<div class=\"spreadBox\">Increases confidence<\/div>\n<\/div>\n<div style=\"height:20px;\"><\/div>\n<h2>PRICES OF EROTIC MASSAGES<br \/>\n<em>AND EXTRA SERVICES<\/em><\/h2>\n<div class='luxury_karty luxury_jQuery_tabs'><ul><li><a href=\"#luxury__utei_11\">MASSAGE<\/a><\/li><li><a href=\"#luxury__utei_12\">EXTRA SERVICES<\/a><\/li><\/ul>\n<div class='luxury_karta' id='luxury__utei_11'>\n<table class=\"pricelist\"><th>\u010cAS<\/th><th>1 MAS\u00c9RKA<\/th><th>2 MAS\u00c9RKY<\/th><tr><td>30 min<\/td><td>1400 CZK<\/td><td>2200 CZK<\/td><\/tr><tr><td>60 min<\/td><td>1900 CZK<\/td><td>3100 CZK<\/td><\/tr><tr><td>90 min<\/td><td>2400 CZK<\/td><td>4000 CZK<\/td><\/tr><tr><td>120 min<\/td><td>3500 CZK<\/td><td>5500 CZK<\/td><\/tr><tr><td>180 min<\/td><td>4800 CZK<\/td><td>7400 CZK<\/td><\/tr><\/table>\n<\/div>\n<div class='luxury_karta' id='luxury__utei_12'>\n<table class=\"pricelist\"><th>Slu\u017eba<\/th><th>1 MAS\u00c9RKA<\/th><th>2 MAS\u00c9RKY<\/th><tr><td>Lesbishow<\/td><td><\/td><td>+400 CZK<\/td><\/tr><tr><td>BDSM - Sensual massage<\/td><td>+200 CZK<\/td><td>+400 CZK<\/td><\/tr><tr><td>Prostate massage<\/td><td>+500 CZK<\/td><td>+1000 CZK<\/td><\/tr><tr><td>Autoerotics<\/td><td>+500 CZK<\/td><td>+1000 CZK<\/td><\/tr><tr><td>Footjob<\/td><td>+200 CZK<\/td><td>+400 CZK<\/td><\/tr><\/table>\n<\/div>\n<\/div>\n<div style=\"height:20px;\"><\/div>\n<h2>SECRET HISTORY OF EROTIC MASSAGES<br \/>\n<em>ORIGIN OF EROTIC MASSAGES AND THE ART OF TOUCH<\/em><\/h2>\n<p><img decoding=\"async\" loading=\"lazy\" class=\"aligncenter size-full wp-image-15869\" src=\"https:\/\/test.kozmin.cz\/wp-content\/uploads\/2021\/02\/tajemna-historie.jpg\" alt=\"\" width=\"751\" height=\"269\" srcset=\"https:\/\/test.kozmin.cz\/wp-content\/uploads\/2021\/02\/tajemna-historie.jpg 751w, https:\/\/test.kozmin.cz\/wp-content\/uploads\/2021\/02\/tajemna-historie-300x107.jpg 300w, https:\/\/test.kozmin.cz\/wp-content\/uploads\/2021\/02\/tajemna-historie-270x97.jpg 270w, https:\/\/test.kozmin.cz\/wp-content\/uploads\/2021\/02\/tajemna-historie-440x158.jpg 440w, https:\/\/test.kozmin.cz\/wp-content\/uploads\/2021\/02\/tajemna-historie-432x155.jpg 432w, https:\/\/test.kozmin.cz\/wp-content\/uploads\/2021\/02\/tajemna-historie-263x94.jpg 263w\" sizes=\"(max-width: 751px) 100vw, 751px\" \/><\/p>\n<p>Like a <strong>never-ending waterfall of excitement<\/strong> that is full of all your senses, like a <strong>violent tidal wave of passion and sensuality<\/strong> that swept away with all its negation, physical tension and mental stress after its powerful impact-such is <strong>the power of erotic massage<\/strong>. How far do the roots of this popular phenomenon reach? Where is the beginning of the art of touch that brings your body to ecstasy? In answering these questions, we must go to the very beginning of humanity \u2026<\/p>\n  <div class=\"readMoreTextWrap\">\n      <div class=\"readMoreText\">\n          \n<p>Already the primeval people in their unbridled wildness knew the healing effect of the massage. Indeed, the word itself means <strong>rub and knead<\/strong> \u2013 bringing tired relief to the tired muscles. The oldest documentary about the massage, however, comes from ancient mystical Egypt. However, the Far East is considered to be the cradle of <strong>\u201cthe art of healing touch\u201c<\/strong>. For example, from Japan comes <strong>Nura Massage<\/strong> \u2013 an ancient erotic ritual, which is also called a \u201cslippery massage,\u201d in which the heart rate increases and every muscle of the body, including intimate parts, is bloody.<\/p>\n<p>More about <a href=\"https:\/\/test.kozmin.cz\/en\/secret-history-of-erotic-massages\/\">history of erotic massage.\u00a0<\/a><\/p>\n      <\/div>\n      <div class=\"openReadMoreText\"><span>\u010c\u00cdST D\u00c1LE<\/span><\/div>\n  <\/div>\n  \n<div class=\"blackBox\">\n<h2>REVIEWS ON EROTIC MASSAGES<br \/>\n<em>EXPERIENCE OF CUSTOMERS WHO HAVE TRIED CLASSIC EROTIC MASSAGE WITH US<\/em><\/h2>\n  <div class=\"serviceReviews\">\n          <div class=\"review review-0 active\">\n          <div class=\"date\">10.8.2020<\/div>\n          <div class=\"reviewOf\">\n            <span class=\" serviceName\">Erotic massage<\/span>\n             s d\u00edvkou <a href=\"https:\/\/test.kozmin.cz\/en\/maserka\/bara\/\" class=\"masseuseName\">B\u00e1ra<\/a>          <\/div>\n          <div class=\"rating\"><i class=\"fa fa-star\"><\/i><i class=\"fa fa-star\"><\/i><i class=\"fa fa-star\"><\/i><i class=\"fa fa-star\"><\/i><i class=\"fa fa-star\"><\/i><\/div>\n          <div class=\"reviewBy\">Chris napsal\/a<\/div>\n          <div class=\"reviewText\">In what was my first experience of an erotic massage, B\u00e1ra was so gentle and accommodating, and fulfilled all my wishes, despite having difficulty understanding my accent. Just really kind and beautiful.<\/div>\n      <\/div>\n          <div class=\"review review-1\">\n          <div class=\"date\">27.12.2018<\/div>\n          <div class=\"reviewOf\">\n            <span class=\" serviceName\">Erotic massage<\/span>\n                      <\/div>\n          <div class=\"rating\"><i class=\"fa fa-star\"><\/i><i class=\"fa fa-star\"><\/i><i class=\"fa fa-star\"><\/i><i class=\"fa fa-star\"><\/i><i class=\"fa fa-star\"><\/i><\/div>\n          <div class=\"reviewBy\">Paul napsal\/a<\/div>\n          <div class=\"reviewText\">The best massage I ever had. Hope you enjoyed my Christmass\r\n cookies o). Thanx Nina<\/div>\n      <\/div>\n          <div class=\"review review-2\">\n          <div class=\"date\">18.10.2018<\/div>\n          <div class=\"reviewOf\">\n            <span class=\" serviceName\">Erotic massage<\/span>\n                      <\/div>\n          <div class=\"rating\"><i class=\"fa fa-star\"><\/i><i class=\"fa fa-star\"><\/i><i class=\"fa fa-star\"><\/i><i class=\"fa fa-star\"><\/i><i class=\"fa fa-star\"><\/i><\/div>\n          <div class=\"reviewBy\">Mr. Favor napsal\/a<\/div>\n          <div class=\"reviewText\">Today i had the pleasure of capping off my trip to Prague by having a amazing and truly erotic massage by Isabella, I  did not expect much so everything was just a gift from this beautiful woman at every turn. First off she speaks great english with a UK twist of a accent, she has a sweetness about her that puts u at ease before ,during and after the meeting. The massage was a perfect10 i could not ask 4 better, the only draw back is that i was only able to stay for 1 hour but next time i must book for 2 hours. Thank u Isabella hope 2 see u soon<\/div>\n      <\/div>\n        <div class=\"reviewDots\">\n              <div class=\"dot active\" data-review=\"0\"><\/div>\n              <div class=\"dot\" data-review=\"1\"><\/div>\n              <div class=\"dot\" data-review=\"2\"><\/div>\n          <\/div>\n  <\/div>\n  \n<\/div>\n","protected":false},"excerpt":{"rendered":"<p>EROTIC MASSAGE PROCEDURE VIDEO SAMPLE OF EROTIC MASSAGE You can imagine a very gentle massage that will not miss any part of your body \u2013 even the smallest piece of your skin will not be left unattended. It starts like a classic relaxing massage but it has several significant differences. WHY TRY EROTIC MASSAGE? BENEFITS AND EXPERIENCES OF EROTIC MASSAGE PRICES OF EROTIC MASSAGES AND EXTRA SERVICES SECRET HISTORY OF EROTIC MASSAGES ORIGIN OF EROTIC MASSAGES AND THE ART OF TOUCH Like a never-ending waterfall of excitement that is full of all your senses, like a violent tidal wave of [&hellip;]<\/p>\n","protected":false},"author":7,"featured_media":0,"parent":0,"menu_order":25,"comment_status":"closed","ping_status":"closed","template":"page-service.php","meta":[],"_links":{"self":[{"href":"https:\/\/test.kozmin.cz\/en\/wp-json\/wp\/v2\/pages\/16067"}],"collection":[{"href":"https:\/\/test.kozmin.cz\/en\/wp-json\/wp\/v2\/pages"}],"about":[{"href":"https:\/\/test.kozmin.cz\/en\/wp-json\/wp\/v2\/types\/page"}],"author":[{"embeddable":true,"href":"https:\/\/test.kozmin.cz\/en\/wp-json\/wp\/v2\/users\/7"}],"replies":[{"embeddable":true,"href":"https:\/\/test.kozmin.cz\/en\/wp-json\/wp\/v2\/comments?post=16067"}],"version-history":[{"count":13,"href":"https:\/\/test.kozmin.cz\/en\/wp-json\/wp\/v2\/pages\/16067\/revisions"}],"predecessor-version":[{"id":16367,"href":"https:\/\/test.kozmin.cz\/en\/wp-json\/wp\/v2\/pages\/16067\/revisions\/16367"}],"wp:attachment":[{"href":"https:\/\/test.kozmin.cz\/en\/wp-json\/wp\/v2\/media?parent=16067"}],"curies":[{"name":"wp","href":"https:\/\/api.w.org\/{rel}","templated":true}]}}